{"id":36,"date":"2024-05-07T12:46:39","date_gmt":"2024-05-07T10:46:39","guid":{"rendered":"https:\/\/www.althaiaclinicaveterinaria.com\/?page_id=36"},"modified":"2024-05-20T14:14:43","modified_gmt":"2024-05-20T12:14:43","slug":"el-equipo","status":"publish","type":"page","link":"https:\/\/www.althaiaclinicaveterinaria.com\/en\/el-equipo\/","title":{"rendered":"The Team"},"content":{"rendered":"<div class=\"wpb-content-wrapper\"><div data-parent=\"true\" class=\"vc_row row-container\" id=\"row-unique-0\"><div class=\"row col-double-gutter double-top-padding quad-bottom-padding single-h-padding limit-width row-parent\"><div class=\"wpb_row row-inner\"><div class=\"wpb_column pos-top pos-center align_left column_parent col-lg-12 half-internal-gutter\"><div class=\"uncol style-light\"  ><div class=\"uncoltable\"><div class=\"uncell no-block-padding\" ><div class=\"uncont\" ><div class=\"vc_row row-internal row-container\"><div class=\"row row-child\"><div class=\"wpb_row row-inner\"><div class=\"wpb_column pos-top pos-center align_left column_child col-lg-3 half-internal-gutter\"><div class=\"uncol style-light\" ><div class=\"uncoltable\"><div class=\"uncell no-block-padding\" ><div class=\"uncont\" ><div class=\"vc_custom_heading_wrap mobile-hidden\"><div class=\"heading-text el-text heading-bigtext\" ><h1 class=\"bigtext text-Althaia-2-color\" ><span>The Team<\/span><\/h1><\/div><div class=\"clear\"><\/div><\/div><div class=\"vc_custom_heading_wrap desktop-hidden tablet-hidden\"><div class=\"heading-text el-text\" ><h1 class=\"h1 text-Althaia-2-color\" ><span>The Team<\/span><\/h1><\/div><div class=\"clear\"><\/div><\/div><div class=\"empty-space empty-single desktop-hidden mobile-hidden\" ><span class=\"empty-space-inner\"><\/span><\/div>\n<\/div><\/div><\/div><\/div><\/div><div class=\"wpb_column pos-top pos-center align_left column_child col-lg-2 tablet-hidden mobile-hidden single-internal-gutter\"><div class=\"uncol style-light\" ><div class=\"uncoltable\"><div class=\"uncell no-block-padding\" ><div class=\"uncont\" ><\/div><\/div><\/div><\/div><\/div><div class=\"wpb_column pos-top pos-center align_left column_child col-lg-7 single-internal-gutter\"><div class=\"uncol style-light\" ><div class=\"uncoltable\"><div class=\"uncell no-block-padding\" ><div class=\"uncont\" ><div class=\"uncode_text_column text-justify text-lead\" ><p>A multidisciplinary team of professionals with the common goal of providing you and your pet with the best possible service. Learning and evolving to offer you the most advanced treatments and techniques.<\/p>\n<\/div><\/div><\/div><\/div><\/div><\/div><\/div><\/div><\/div><div class=\"empty-space empty-single\" ><span class=\"empty-space-inner\"><\/span><\/div>\n<div id=\"index-151618\" class=\"isotope-system isotope-general-light grid-general-light\" >\n\t\t\t\n\t\t\t\t\t\t\t\t\t\t\t\t\t\t<div class=\"isotope-wrapper grid-wrapper single-gutter\" >\t\t\t\t\t\t\t\t\t\t\t\t<div class=\"isotope-container grid-container isotope-layout style-masonry isotope-pagination grid-pagination\" data-type=\"masonry\" data-layout=\"fitRows\" data-lg=\"1000\" data-md=\"600\" data-sm=\"480\" data-vp-height=\"\">\t\t\t<div class=\"tmb atc-typography-inherit tmb-iso-w4 tmb-iso-h4 img-round tmb-light tmb-overlay-text-anim tmb-overlay-anim tmb-content-left tmb-image-anim tmb-show-secondary tmb-bordered  grid-cat-4 tmb-id-65 tmb-img-ratio tmb-content-under tmb-media-first tmb-no-bg\" ><div class=\"t-inside no-anim\" ><div class=\"t-entry-visual\"><div class=\"t-entry-visual-tc\"><div class=\"t-entry-visual-cont\"><div class=\"dummy secondary-dummy-image\" style=\"padding-top: 133.2%;background-image:url(https:\/\/www.althaiaclinicaveterinaria.com\/wp-content\/uploads\/2024\/05\/sara2-uai-719x958.jpg);\"><\/div><a role=\"button\" tabindex=\"-1\" href=\"https:\/\/www.althaiaclinicaveterinaria.com\/en\/2024\/05\/07\/sara-coll\/\" class=\"pushed\" aria-label=\"Sara Coll\"  target=\"_self\" data-lb-index=\"0\"><div class=\"t-entry-visual-overlay\"><div class=\"t-entry-visual-overlay-in style-dark-bg\" style=\"opacity: 0.5;\"><\/div><\/div><img decoding=\"async\" class=\"has-secondary-featured-image wp-image-63\" src=\"https:\/\/www.althaiaclinicaveterinaria.com\/wp-content\/uploads\/2024\/05\/sara-uai-719x958.jpg\" width=\"719\" height=\"958\" alt=\"Sara Coll\" \/><\/a><\/div>\n\t\t\t\t\t<\/div>\n\t\t\t\t<\/div><div class=\"t-entry-text\">\n\t\t\t\t\t\t\t\t\t<div class=\"t-entry-text-tc single-block-padding\"><div class=\"t-entry\"><h2 class=\"t-entry-title h3 title-scale\"><a href=\"https:\/\/www.althaiaclinicaveterinaria.com\/en\/2024\/05\/07\/sara-coll\/\" target=\"_self\">Sara Coll<\/a><\/h2><\/div><\/div>\n\t\t\t\t\t\t\t<\/div><\/div><\/div><div class=\"tmb atc-typography-inherit tmb-iso-w4 tmb-iso-h4 img-round tmb-light tmb-overlay-text-anim tmb-overlay-anim tmb-content-left tmb-image-anim tmb-show-secondary tmb-bordered  grid-cat-4 tmb-id-72 tmb-img-ratio tmb-content-under tmb-media-first tmb-no-bg\" ><div class=\"t-inside no-anim\" ><div class=\"t-entry-visual\"><div class=\"t-entry-visual-tc\"><div class=\"t-entry-visual-cont\"><div class=\"dummy secondary-dummy-image\" style=\"padding-top: 133.2%;background-image:url(https:\/\/www.althaiaclinicaveterinaria.com\/wp-content\/uploads\/2024\/05\/noeliac1-uai-719x958.jpg);\"><\/div><a role=\"button\" tabindex=\"-1\" href=\"https:\/\/www.althaiaclinicaveterinaria.com\/en\/2024\/05\/07\/noelia-sanchez\/\" class=\"pushed\" aria-label=\"Noelia S\u00e1nchez\"  target=\"_self\" data-lb-index=\"1\"><div class=\"t-entry-visual-overlay\"><div class=\"t-entry-visual-overlay-in style-dark-bg\" style=\"opacity: 0.5;\"><\/div><\/div><img decoding=\"async\" class=\"has-secondary-featured-image wp-image-248\" src=\"https:\/\/www.althaiaclinicaveterinaria.com\/wp-content\/uploads\/2024\/05\/noeliac-uai-719x958.jpg\" width=\"719\" height=\"958\" alt=\"Noelia S\u00e1nchez\" \/><\/a><\/div>\n\t\t\t\t\t<\/div>\n\t\t\t\t<\/div><div class=\"t-entry-text\">\n\t\t\t\t\t\t\t\t\t<div class=\"t-entry-text-tc single-block-padding\"><div class=\"t-entry\"><h2 class=\"t-entry-title h3 title-scale\"><a href=\"https:\/\/www.althaiaclinicaveterinaria.com\/en\/2024\/05\/07\/noelia-sanchez\/\" target=\"_self\">Noelia S\u00e1nchez<\/a><\/h2><\/div><\/div>\n\t\t\t\t\t\t\t<\/div><\/div><\/div><div class=\"tmb atc-typography-inherit tmb-iso-w4 tmb-iso-h4 img-round tmb-light tmb-overlay-text-anim tmb-overlay-anim tmb-content-left tmb-image-anim tmb-show-secondary tmb-bordered  grid-cat-4 tmb-id-76 tmb-img-ratio tmb-content-under tmb-media-first tmb-no-bg\" ><div class=\"t-inside no-anim\" ><div class=\"t-entry-visual\"><div class=\"t-entry-visual-tc\"><div class=\"t-entry-visual-cont\"><div class=\"dummy secondary-dummy-image\" style=\"padding-top: 133.2%;background-image:url(https:\/\/www.althaiaclinicaveterinaria.com\/wp-content\/uploads\/2024\/05\/daniela2-uai-719x958.jpg);\"><\/div><a role=\"button\" tabindex=\"-1\" href=\"https:\/\/www.althaiaclinicaveterinaria.com\/en\/2024\/05\/07\/daniela-sierra\/\" class=\"pushed\" aria-label=\"Daniela Sierra\"  target=\"_self\" data-lb-index=\"2\"><div class=\"t-entry-visual-overlay\"><div class=\"t-entry-visual-overlay-in style-dark-bg\" style=\"opacity: 0.5;\"><\/div><\/div><img decoding=\"async\" class=\"has-secondary-featured-image wp-image-77\" src=\"https:\/\/www.althaiaclinicaveterinaria.com\/wp-content\/uploads\/2024\/05\/daniela1-uai-719x958.jpg\" width=\"719\" height=\"958\" alt=\"Daniela Sierra\" \/><\/a><\/div>\n\t\t\t\t\t<\/div>\n\t\t\t\t<\/div><div class=\"t-entry-text\">\n\t\t\t\t\t\t\t\t\t<div class=\"t-entry-text-tc single-block-padding\"><div class=\"t-entry\"><h2 class=\"t-entry-title h3 title-scale\"><a href=\"https:\/\/www.althaiaclinicaveterinaria.com\/en\/2024\/05\/07\/daniela-sierra\/\" target=\"_self\">Daniela Sierra<\/a><\/h2><\/div><\/div>\n\t\t\t\t\t\t\t<\/div><\/div><\/div><div class=\"tmb atc-typography-inherit tmb-iso-w4 tmb-iso-h4 img-round tmb-light tmb-overlay-text-anim tmb-overlay-anim tmb-content-left tmb-image-anim tmb-show-secondary tmb-bordered  grid-cat-4 tmb-id-84 tmb-img-ratio tmb-content-under tmb-media-first tmb-no-bg\" ><div class=\"t-inside no-anim\" ><div class=\"t-entry-visual\"><div class=\"t-entry-visual-tc\"><div class=\"t-entry-visual-cont\"><div class=\"dummy secondary-dummy-image\" style=\"padding-top: 133.2%;background-image:url(https:\/\/www.althaiaclinicaveterinaria.com\/wp-content\/uploads\/2024\/05\/pelu-uai-719x958.jpg);\"><\/div><a role=\"button\" tabindex=\"-1\" href=\"https:\/\/www.althaiaclinicaveterinaria.com\/en\/2024\/05\/07\/barbara-bernaus\/\" class=\"pushed\" aria-label=\"B\u00e1rbara Bernaus\"  target=\"_self\" data-lb-index=\"3\"><div class=\"t-entry-visual-overlay\"><div class=\"t-entry-visual-overlay-in style-dark-bg\" style=\"opacity: 0.5;\"><\/div><\/div><img decoding=\"async\" class=\"has-secondary-featured-image wp-image-454\" src=\"https:\/\/www.althaiaclinicaveterinaria.com\/wp-content\/uploads\/2024\/05\/barbara2-uai-719x958.jpg\" width=\"719\" height=\"958\" alt=\"B\u00e1rbara Bernaus\" srcset=\"https:\/\/www.althaiaclinicaveterinaria.com\/wp-content\/uploads\/2024\/05\/barbara2-uai-719x958.jpg 719w, https:\/\/www.althaiaclinicaveterinaria.com\/wp-content\/uploads\/2024\/05\/barbara2-9x12.jpg 9w\" sizes=\"(max-width: 719px) 100vw, 719px\" \/><\/a><\/div>\n\t\t\t\t\t<\/div>\n\t\t\t\t<\/div><div class=\"t-entry-text\">\n\t\t\t\t\t\t\t\t\t<div class=\"t-entry-text-tc single-block-padding\"><div class=\"t-entry\"><h2 class=\"t-entry-title h3 title-scale\"><a href=\"https:\/\/www.althaiaclinicaveterinaria.com\/en\/2024\/05\/07\/barbara-bernaus\/\" target=\"_self\">B\u00e1rbara Bernaus<\/a><\/h2><\/div><\/div>\n\t\t\t\t\t\t\t<\/div><\/div><\/div>\t\t<\/div>\t\n\t\n\n\t<\/div>\t\t\t\t<\/div>\n<div class=\"empty-space empty-double\" ><span class=\"empty-space-inner\"><\/span><\/div>\n<div class=\"vc_row row-internal row-container\"><div class=\"row row-child\"><div class=\"wpb_row row-inner\"><div class=\"wpb_column pos-top pos-center align_left column_child col-lg-4 half-internal-gutter\"><div class=\"uncol style-light\" ><div class=\"uncoltable\"><div class=\"uncell no-block-padding\" ><div class=\"uncont\" ><div class=\"vc_custom_heading_wrap\"><div class=\"heading-text el-text\" ><h2 class=\"h3 text-Althaia-2-color\" ><span>Other Collaborating Veterinarians<\/span><\/h2><\/div><div class=\"clear\"><\/div><\/div><div class=\"empty-space empty-single desktop-hidden\" ><span class=\"empty-space-inner\"><\/span><\/div>\n<\/div><\/div><\/div><\/div><\/div><div class=\"wpb_column pos-top pos-center align_left column_child col-lg-1 tablet-hidden mobile-hidden single-internal-gutter\"><div class=\"uncol style-light\" ><div class=\"uncoltable\"><div class=\"uncell no-block-padding\" ><div class=\"uncont\" ><\/div><\/div><\/div><\/div><\/div><div class=\"wpb_column pos-top pos-center align_left column_child col-lg-7 half-internal-gutter\"><div class=\"uncol style-light\" ><div class=\"uncoltable\"><div class=\"uncell no-block-padding\" ><div class=\"uncont\" ><div class=\"uncode-wrapper uncode-list\" >\n<ul>\n<li><strong>Elena Ortega y Bruno Miralles<\/strong><\/li>\n<\/ul>\n<\/div><div class=\"uncode_text_column\" ><p>Abdominal ultrasound and specialised echocardiography, by VECO Veterinary Ultrasound.<\/p>\n<\/div><div class=\"uncode-wrapper uncode-list\" >\n<ul>\n<li><strong>Javier Cucurella<\/strong><\/li>\n<\/ul>\n<\/div><div class=\"uncode_text_column\" ><p>Veterinarian with a degree from the Autonomous University of Barcelona.<br \/>\nHead of the Department of Small Animal Dentistry and Maxillofacial Surgery.<br \/>\nAccredited by AVEPA in small animal dentistry.<\/p>\n<\/div><\/div><\/div><\/div><\/div><\/div><\/div><\/div><\/div><\/div><\/div><\/div><\/div><\/div><script id=\"script-row-unique-0\" data-row=\"script-row-unique-0\" type=\"text\/javascript\" class=\"vc_controls\">UNCODE.initRow(document.getElementById(\"row-unique-0\"));<\/script><\/div><\/div><\/div>\n<\/div>","protected":false},"excerpt":{"rendered":"El Equipo en ALTHAIAB\u00e1rbara Bernaus Especialista en peluquer\u00eda canina y felina, cortes de raza y caracterizaci\u00f3n individual. Peluquer\u00eda de PDAE. [...]","protected":false},"author":2,"featured_media":0,"parent":0,"menu_order":0,"comment_status":"closed","ping_status":"closed","template":"","meta":{"footnotes":""},"class_list":["post-36","page","type-page","status-publish","hentry"],"yoast_head":"<!-- This site is optimized with the Yoast SEO plugin v26.7 - https:\/\/yoast.com\/wordpress\/plugins\/seo\/ -->\n<title>El Equipo - ALTHAIA Cl\u00ednica Veterinaria<\/title>\n<meta name=\"robots\" content=\"index, follow, max-snippet:-1, max-image-preview:large, max-video-preview:-1\" \/>\n<link rel=\"canonical\" href=\"https:\/\/www.althaiaclinicaveterinaria.com\/en\/el-equipo\/\" \/>\n<meta property=\"og:locale\" content=\"en_GB\" \/>\n<meta property=\"og:type\" content=\"article\" \/>\n<meta property=\"og:title\" content=\"El Equipo - ALTHAIA Cl\u00ednica Veterinaria\" \/>\n<meta property=\"og:url\" content=\"https:\/\/www.althaiaclinicaveterinaria.com\/en\/el-equipo\/\" \/>\n<meta property=\"og:site_name\" content=\"ALTHAIA Cl\u00ednica Veterinaria\" \/>\n<meta property=\"article:modified_time\" content=\"2024-05-20T12:14:43+00:00\" \/>\n<meta name=\"twitter:card\" content=\"summary_large_image\" \/>\n<script type=\"application\/ld+json\" class=\"yoast-schema-graph\">{\"@context\":\"https:\/\/schema.org\",\"@graph\":[{\"@type\":\"WebPage\",\"@id\":\"https:\/\/www.althaiaclinicaveterinaria.com\/el-equipo\/\",\"url\":\"https:\/\/www.althaiaclinicaveterinaria.com\/el-equipo\/\",\"name\":\"El Equipo - ALTHAIA Cl\u00ednica Veterinaria\",\"isPartOf\":{\"@id\":\"https:\/\/www.althaiaclinicaveterinaria.com\/#website\"},\"datePublished\":\"2024-05-07T10:46:39+00:00\",\"dateModified\":\"2024-05-20T12:14:43+00:00\",\"breadcrumb\":{\"@id\":\"https:\/\/www.althaiaclinicaveterinaria.com\/el-equipo\/#breadcrumb\"},\"inLanguage\":\"en-GB\",\"potentialAction\":[{\"@type\":\"ReadAction\",\"target\":[\"https:\/\/www.althaiaclinicaveterinaria.com\/el-equipo\/\"]}]},{\"@type\":\"BreadcrumbList\",\"@id\":\"https:\/\/www.althaiaclinicaveterinaria.com\/el-equipo\/#breadcrumb\",\"itemListElement\":[{\"@type\":\"ListItem\",\"position\":1,\"name\":\"Portada\",\"item\":\"https:\/\/www.althaiaclinicaveterinaria.com\/\"},{\"@type\":\"ListItem\",\"position\":2,\"name\":\"El Equipo\"}]},{\"@type\":\"WebSite\",\"@id\":\"https:\/\/www.althaiaclinicaveterinaria.com\/#website\",\"url\":\"https:\/\/www.althaiaclinicaveterinaria.com\/\",\"name\":\"ALTHAIA Cl\u00ednica Veterinaria\",\"description\":\"Servicios veterinarios en Altea, Alicante\",\"publisher\":{\"@id\":\"https:\/\/www.althaiaclinicaveterinaria.com\/#organization\"},\"potentialAction\":[{\"@type\":\"SearchAction\",\"target\":{\"@type\":\"EntryPoint\",\"urlTemplate\":\"https:\/\/www.althaiaclinicaveterinaria.com\/?s={search_term_string}\"},\"query-input\":{\"@type\":\"PropertyValueSpecification\",\"valueRequired\":true,\"valueName\":\"search_term_string\"}}],\"inLanguage\":\"en-GB\"},{\"@type\":\"Organization\",\"@id\":\"https:\/\/www.althaiaclinicaveterinaria.com\/#organization\",\"name\":\"ALTHAIA Cl\u00ednica Veterinaria\",\"url\":\"https:\/\/www.althaiaclinicaveterinaria.com\/\",\"logo\":{\"@type\":\"ImageObject\",\"inLanguage\":\"en-GB\",\"@id\":\"https:\/\/www.althaiaclinicaveterinaria.com\/#\/schema\/logo\/image\/\",\"url\":\"https:\/\/www.althaiaclinicaveterinaria.com\/wp-content\/uploads\/2024\/05\/logo-althaia-marco.png\",\"contentUrl\":\"https:\/\/www.althaiaclinicaveterinaria.com\/wp-content\/uploads\/2024\/05\/logo-althaia-marco.png\",\"width\":1200,\"height\":360,\"caption\":\"ALTHAIA Cl\u00ednica Veterinaria\"},\"image\":{\"@id\":\"https:\/\/www.althaiaclinicaveterinaria.com\/#\/schema\/logo\/image\/\"},\"sameAs\":[\"https:\/\/www.instagram.com\/vetalthaia\/\"]}]}<\/script>\n<!-- \/ Yoast SEO plugin. -->","yoast_head_json":{"title":"El Equipo - ALTHAIA Cl\u00ednica Veterinaria","robots":{"index":"index","follow":"follow","max-snippet":"max-snippet:-1","max-image-preview":"max-image-preview:large","max-video-preview":"max-video-preview:-1"},"canonical":"https:\/\/www.althaiaclinicaveterinaria.com\/en\/el-equipo\/","og_locale":"en_GB","og_type":"article","og_title":"El Equipo - ALTHAIA Cl\u00ednica Veterinaria","og_url":"https:\/\/www.althaiaclinicaveterinaria.com\/en\/el-equipo\/","og_site_name":"ALTHAIA Cl\u00ednica Veterinaria","article_modified_time":"2024-05-20T12:14:43+00:00","twitter_card":"summary_large_image","schema":{"@context":"https:\/\/schema.org","@graph":[{"@type":"WebPage","@id":"https:\/\/www.althaiaclinicaveterinaria.com\/el-equipo\/","url":"https:\/\/www.althaiaclinicaveterinaria.com\/el-equipo\/","name":"El Equipo - ALTHAIA Cl\u00ednica Veterinaria","isPartOf":{"@id":"https:\/\/www.althaiaclinicaveterinaria.com\/#website"},"datePublished":"2024-05-07T10:46:39+00:00","dateModified":"2024-05-20T12:14:43+00:00","breadcrumb":{"@id":"https:\/\/www.althaiaclinicaveterinaria.com\/el-equipo\/#breadcrumb"},"inLanguage":"en-GB","potentialAction":[{"@type":"ReadAction","target":["https:\/\/www.althaiaclinicaveterinaria.com\/el-equipo\/"]}]},{"@type":"BreadcrumbList","@id":"https:\/\/www.althaiaclinicaveterinaria.com\/el-equipo\/#breadcrumb","itemListElement":[{"@type":"ListItem","position":1,"name":"Portada","item":"https:\/\/www.althaiaclinicaveterinaria.com\/"},{"@type":"ListItem","position":2,"name":"El Equipo"}]},{"@type":"WebSite","@id":"https:\/\/www.althaiaclinicaveterinaria.com\/#website","url":"https:\/\/www.althaiaclinicaveterinaria.com\/","name":"ALTHAIA Cl\u00ednica Veterinaria","description":"Servicios veterinarios en Altea, Alicante","publisher":{"@id":"https:\/\/www.althaiaclinicaveterinaria.com\/#organization"},"potentialAction":[{"@type":"SearchAction","target":{"@type":"EntryPoint","urlTemplate":"https:\/\/www.althaiaclinicaveterinaria.com\/?s={search_term_string}"},"query-input":{"@type":"PropertyValueSpecification","valueRequired":true,"valueName":"search_term_string"}}],"inLanguage":"en-GB"},{"@type":"Organization","@id":"https:\/\/www.althaiaclinicaveterinaria.com\/#organization","name":"ALTHAIA Cl\u00ednica Veterinaria","url":"https:\/\/www.althaiaclinicaveterinaria.com\/","logo":{"@type":"ImageObject","inLanguage":"en-GB","@id":"https:\/\/www.althaiaclinicaveterinaria.com\/#\/schema\/logo\/image\/","url":"https:\/\/www.althaiaclinicaveterinaria.com\/wp-content\/uploads\/2024\/05\/logo-althaia-marco.png","contentUrl":"https:\/\/www.althaiaclinicaveterinaria.com\/wp-content\/uploads\/2024\/05\/logo-althaia-marco.png","width":1200,"height":360,"caption":"ALTHAIA Cl\u00ednica Veterinaria"},"image":{"@id":"https:\/\/www.althaiaclinicaveterinaria.com\/#\/schema\/logo\/image\/"},"sameAs":["https:\/\/www.instagram.com\/vetalthaia\/"]}]}},"_links":{"self":[{"href":"https:\/\/www.althaiaclinicaveterinaria.com\/en\/wp-json\/wp\/v2\/pages\/36","targetHints":{"allow":["GET"]}}],"collection":[{"href":"https:\/\/www.althaiaclinicaveterinaria.com\/en\/wp-json\/wp\/v2\/pages"}],"about":[{"href":"https:\/\/www.althaiaclinicaveterinaria.com\/en\/wp-json\/wp\/v2\/types\/page"}],"author":[{"embeddable":true,"href":"https:\/\/www.althaiaclinicaveterinaria.com\/en\/wp-json\/wp\/v2\/users\/2"}],"replies":[{"embeddable":true,"href":"https:\/\/www.althaiaclinicaveterinaria.com\/en\/wp-json\/wp\/v2\/comments?post=36"}],"version-history":[{"count":26,"href":"https:\/\/www.althaiaclinicaveterinaria.com\/en\/wp-json\/wp\/v2\/pages\/36\/revisions"}],"predecessor-version":[{"id":417,"href":"https:\/\/www.althaiaclinicaveterinaria.com\/en\/wp-json\/wp\/v2\/pages\/36\/revisions\/417"}],"wp:attachment":[{"href":"https:\/\/www.althaiaclinicaveterinaria.com\/en\/wp-json\/wp\/v2\/media?parent=36"}],"curies":[{"name":"wp","href":"https:\/\/api.w.org\/{rel}","templated":true}]}}