{"id":219,"date":"2024-05-08T14:21:05","date_gmt":"2024-05-08T12:21:05","guid":{"rendered":"https:\/\/www.althaiaclinicaveterinaria.com\/?page_id=219"},"modified":"2024-05-21T08:12:43","modified_gmt":"2024-05-21T06:12:43","slug":"cookies","status":"publish","type":"page","link":"https:\/\/www.althaiaclinicaveterinaria.com\/en\/cookies\/","title":{"rendered":"Cookies Policy"},"content":{"rendered":"<div class=\"post-title-wrapper\">\n<h3 class=\"post-title\">What are Cookies<\/h3>\n<\/div>\n<div class=\"cookie-policy-p\">\n<p>This Cookie Policy explains what cookies are and how we use them, the types of cookies we use, i.e. the information we collect using cookies and how that information is used, and how to manage your cookie settings.Cookies are small text files that are used to store small pieces of information. They are stored on your device when the website loads in your browser. These cookies help us to make the website work properly, to make it more secure, to provide a better user experience, and to understand how the website works and analyse what works and where it needs improvement.<\/p>\n<\/div>\n<h3>How do we use Cookies?<\/h3>\n<div class=\"cookie-policy-p\">\n<p>Like most online services, our website uses first-party and third-party cookies for a variety of purposes. First-party cookies are mostly necessary for the website to function properly, and do not collect any of your personally identifiable information. Third-party cookies used on our website serve primarily to understand how the website works, how you interact with it, maintain the security of our services, deliver advertisements that are relevant to you, and ultimately provide you with a better and faster user experience and help streamline your future interactions with our website.<\/p>\n<\/div>\n<h3>Types of Cookies that we use<\/h3>\n<div class=\"cky-audit-table-element\">\n<h3>Necessary<\/h3>\n<div class=\"cky-category-des\">\n<p>Necessary cookies are crucial to the basic functions of the website and the website will not function as intended without them.<\/p>\n<p>These cookies do not store any personally identifiable data.<\/p>\n<\/div>\n<div class=\"cky-table-wrapper\">\n<table class=\"cky-cookie-audit-table\">\n<thead>\n<tr>\n<th>Cookie<\/th>\n<th>Duration<\/th>\n<th>Description<\/th>\n<\/tr>\n<\/thead>\n<tbody>\n<tr>\n<td>cookiehub<\/td>\n<td>1 a\u00f1o<\/td>\n<td>Cookie Hub sets this cookie to remember users' consent preferences so that their preferences are respected on subsequent visits to this site. It does not collect or store any personal information about site visitors.<\/td>\n<\/tr>\n<\/tbody>\n<\/table>\n<\/div>\n<h3>Functional<\/h3>\n<div class=\"cky-category-des\">\n<p>Functional cookies help to perform certain functionalities, such as sharing website content on social media platforms, collecting feedback and other third party features.<\/p>\n<\/div>\n<div class=\"cky-table-wrapper\">\n<table class=\"cky-cookie-audit-table\">\n<thead>\n<tr>\n<th>Cookie<\/th>\n<th>Duration<\/th>\n<th>Description<\/th>\n<\/tr>\n<\/thead>\n<tbody>\n<tr>\n<td>uncodeAI.screen<\/td>\n<td>Session<\/td>\n<td>\n<p>Uncode cookies contain information about the screen resolution and the graphics window at runtime. The information is used to determine the appropriate Adaptive Images on each page refresh, ensuring that all images are adaptive.<\/p>\n<\/td>\n<\/tr>\n<tr>\n<td>uncodeAI.images<\/td>\n<td>Session<\/td>\n<td>\n<p>The Uncode cookie contains information about the screen resolution and the graphics window at runtime. The information is used to determine the appropriate Adaptive Images on each page refresh, ensuring that all images are adaptive.<\/p>\n<\/td>\n<\/tr>\n<tr>\n<td>uncodeAI.css<\/td>\n<td>Session<\/td>\n<td>\n<p>The Uncode cookie contains information about the screen resolution and the graphics window at runtime. The information is used to determine the appropriate Adaptive Images on each page refresh, ensuring that all images are adaptive.<\/p>\n<\/td>\n<\/tr>\n<\/tbody>\n<\/table>\n<\/div>\n<\/div>\n<h3>Analytics<\/h3>\n<div class=\"cky-category-des\">\n<p>Las cookies anal\u00edticas se utilizan para comprender c\u00f3mo interact\u00faan los visitantes con el sitio web. Estas cookies ayudan a proporcionar informaci\u00f3n sobre m\u00e9tricas el n\u00famero de visitantes, el porcentaje de rebote, la fuente de tr\u00e1fico, etc.<\/p>\n<\/div>\n<div class=\"cky-table-wrapper\">\n<table class=\"cky-cookie-audit-table\">\n<thead>\n<tr>\n<th>Cookie<\/th>\n<th>Duration<\/th>\n<th>Description<\/th>\n<\/tr>\n<\/thead>\n<tbody>\n<tr>\n<td>_ga_*<\/td>\n<td>1 year and 4 days<\/td>\n<td>Google Analytics sets this cookie to store and count visits to the site.<\/td>\n<\/tr>\n<tr>\n<td>_ga<\/td>\n<td>1 year and 4 days<\/td>\n<td>Google Analytics sets this cookie to calculate visitor, session and campaign data and to track site usage for site analytics reporting. The cookie stores information anonymously and assigns a randomly generated number to recognise unique visitors.<\/td>\n<\/tr>\n<\/tbody>\n<\/table>\n<\/div>\n<h3>Manage cookie preferences<\/h3>\n<h5><a class=\"cky-banner-element\">Cookie Settings<\/a><\/h5>\n<div>\n<p>You can change your cookie preferences at any time by clicking the button above. This will allow you to revisit the cookie consent banner and change your preferences or withdraw your consent immediately. In addition, different browsers offer different methods for blocking and deleting cookies used by websites. You can change your browser settings to block\/delete cookies. Below are links to supporting documents on how to manage and delete cookies from the main web browsers.<\/p>\n<p>Chrome:\u00a0<a href=\"https:\/\/support.google.com\/accounts\/answer\/32050\" target=\"_blank\" rel=\"noopener noreferrer\">https:\/\/support.google.com\/accounts\/answer\/32050<\/a><\/p>\n<p>Safari:\u00a0<a href=\"https:\/\/support.apple.com\/en-in\/guide\/safari\/sfri11471\/mac\" target=\"_blank\" rel=\"noopener noreferrer\">https:\/\/support.apple.com\/en-in\/guide\/safari\/sfri11471\/mac<\/a><\/p>\n<p>Firefox:\u00a0<a href=\"https:\/\/support.mozilla.org\/en-US\/kb\/clear-cookies-and-site-data-firefox?redirectslug=delete-cookies-remove-info-websites-stored&amp;redirectlocale=en-US\" target=\"_blank\" rel=\"noopener noreferrer\">https:\/\/support.mozilla.org\/en-US\/kb\/clear-cookies-and-site-data-firefox?redirectslug=delete-cookies-remove-info-websites-stored&amp;redirectlocale=en-US<\/a><\/p>\n<p>Internet Explorer:\u00a0<a href=\"https:\/\/support.microsoft.com\/en-us\/topic\/how-to-delete-cookie-files-in-internet-explorer-bca9446f-d873-78de-77ba-d42645fa52fc\" target=\"_blank\" rel=\"noopener noreferrer\">https:\/\/support.microsoft.com\/en-us\/topic\/how-to-delete-cookie-files-in-internet-explorer-bca9446f-d873-78de-77ba-d42645fa52fc<\/a><\/p>\n<p>If you use any other web browser, please visit the official support documents for your browser.<\/p>\n<\/div>","protected":false},"excerpt":{"rendered":"<p>\u00bfQu\u00e9 son las cookies? Esta Pol\u00edtica de Cookies explica qu\u00e9 son las cookies y c\u00f3mo las utilizamos, los tipos de [&hellip;]<\/p>","protected":false},"author":2,"featured_media":0,"parent":0,"menu_order":0,"comment_status":"closed","ping_status":"closed","template":"","meta":{"footnotes":""},"class_list":["post-219","page","type-page","status-publish","hentry"],"yoast_head":"<!-- This site is optimized with the Yoast SEO plugin v26.7 - https:\/\/yoast.com\/wordpress\/plugins\/seo\/ -->\n<title>Pol\u00edtica de cookies - ALTHAIA Cl\u00ednica Veterinaria<\/title>\n<meta name=\"robots\" content=\"index, follow, max-snippet:-1, max-image-preview:large, max-video-preview:-1\" \/>\n<link rel=\"canonical\" href=\"https:\/\/www.althaiaclinicaveterinaria.com\/en\/cookies\/\" \/>\n<meta property=\"og:locale\" content=\"en_GB\" \/>\n<meta property=\"og:type\" content=\"article\" \/>\n<meta property=\"og:title\" content=\"Pol\u00edtica de cookies - ALTHAIA Cl\u00ednica Veterinaria\" \/>\n<meta property=\"og:description\" content=\"\u00bfQu\u00e9 son las cookies? Esta Pol\u00edtica de Cookies explica qu\u00e9 son las cookies y c\u00f3mo las utilizamos, los tipos de [&hellip;]\" \/>\n<meta property=\"og:url\" content=\"https:\/\/www.althaiaclinicaveterinaria.com\/en\/cookies\/\" \/>\n<meta property=\"og:site_name\" content=\"ALTHAIA Cl\u00ednica Veterinaria\" \/>\n<meta property=\"article:modified_time\" content=\"2024-05-21T06:12:43+00:00\" \/>\n<meta name=\"twitter:card\" content=\"summary_large_image\" \/>\n<script type=\"application\/ld+json\" class=\"yoast-schema-graph\">{\"@context\":\"https:\/\/schema.org\",\"@graph\":[{\"@type\":\"WebPage\",\"@id\":\"https:\/\/www.althaiaclinicaveterinaria.com\/cookies\/\",\"url\":\"https:\/\/www.althaiaclinicaveterinaria.com\/cookies\/\",\"name\":\"Pol\u00edtica de cookies - ALTHAIA Cl\u00ednica Veterinaria\",\"isPartOf\":{\"@id\":\"https:\/\/www.althaiaclinicaveterinaria.com\/#website\"},\"datePublished\":\"2024-05-08T12:21:05+00:00\",\"dateModified\":\"2024-05-21T06:12:43+00:00\",\"breadcrumb\":{\"@id\":\"https:\/\/www.althaiaclinicaveterinaria.com\/cookies\/#breadcrumb\"},\"inLanguage\":\"en-GB\",\"potentialAction\":[{\"@type\":\"ReadAction\",\"target\":[\"https:\/\/www.althaiaclinicaveterinaria.com\/cookies\/\"]}]},{\"@type\":\"BreadcrumbList\",\"@id\":\"https:\/\/www.althaiaclinicaveterinaria.com\/cookies\/#breadcrumb\",\"itemListElement\":[{\"@type\":\"ListItem\",\"position\":1,\"name\":\"Portada\",\"item\":\"https:\/\/www.althaiaclinicaveterinaria.com\/\"},{\"@type\":\"ListItem\",\"position\":2,\"name\":\"Pol\u00edtica de cookies\"}]},{\"@type\":\"WebSite\",\"@id\":\"https:\/\/www.althaiaclinicaveterinaria.com\/#website\",\"url\":\"https:\/\/www.althaiaclinicaveterinaria.com\/\",\"name\":\"ALTHAIA Cl\u00ednica Veterinaria\",\"description\":\"Servicios veterinarios en Altea, Alicante\",\"publisher\":{\"@id\":\"https:\/\/www.althaiaclinicaveterinaria.com\/#organization\"},\"potentialAction\":[{\"@type\":\"SearchAction\",\"target\":{\"@type\":\"EntryPoint\",\"urlTemplate\":\"https:\/\/www.althaiaclinicaveterinaria.com\/?s={search_term_string}\"},\"query-input\":{\"@type\":\"PropertyValueSpecification\",\"valueRequired\":true,\"valueName\":\"search_term_string\"}}],\"inLanguage\":\"en-GB\"},{\"@type\":\"Organization\",\"@id\":\"https:\/\/www.althaiaclinicaveterinaria.com\/#organization\",\"name\":\"ALTHAIA Cl\u00ednica Veterinaria\",\"url\":\"https:\/\/www.althaiaclinicaveterinaria.com\/\",\"logo\":{\"@type\":\"ImageObject\",\"inLanguage\":\"en-GB\",\"@id\":\"https:\/\/www.althaiaclinicaveterinaria.com\/#\/schema\/logo\/image\/\",\"url\":\"https:\/\/www.althaiaclinicaveterinaria.com\/wp-content\/uploads\/2024\/05\/logo-althaia-marco.png\",\"contentUrl\":\"https:\/\/www.althaiaclinicaveterinaria.com\/wp-content\/uploads\/2024\/05\/logo-althaia-marco.png\",\"width\":1200,\"height\":360,\"caption\":\"ALTHAIA Cl\u00ednica Veterinaria\"},\"image\":{\"@id\":\"https:\/\/www.althaiaclinicaveterinaria.com\/#\/schema\/logo\/image\/\"},\"sameAs\":[\"https:\/\/www.instagram.com\/vetalthaia\/\"]}]}<\/script>\n<!-- \/ Yoast SEO plugin. -->","yoast_head_json":{"title":"Pol\u00edtica de cookies - ALTHAIA Cl\u00ednica Veterinaria","robots":{"index":"index","follow":"follow","max-snippet":"max-snippet:-1","max-image-preview":"max-image-preview:large","max-video-preview":"max-video-preview:-1"},"canonical":"https:\/\/www.althaiaclinicaveterinaria.com\/en\/cookies\/","og_locale":"en_GB","og_type":"article","og_title":"Pol\u00edtica de cookies - ALTHAIA Cl\u00ednica Veterinaria","og_description":"\u00bfQu\u00e9 son las cookies? Esta Pol\u00edtica de Cookies explica qu\u00e9 son las cookies y c\u00f3mo las utilizamos, los tipos de [&hellip;]","og_url":"https:\/\/www.althaiaclinicaveterinaria.com\/en\/cookies\/","og_site_name":"ALTHAIA Cl\u00ednica Veterinaria","article_modified_time":"2024-05-21T06:12:43+00:00","twitter_card":"summary_large_image","schema":{"@context":"https:\/\/schema.org","@graph":[{"@type":"WebPage","@id":"https:\/\/www.althaiaclinicaveterinaria.com\/cookies\/","url":"https:\/\/www.althaiaclinicaveterinaria.com\/cookies\/","name":"Pol\u00edtica de cookies - ALTHAIA Cl\u00ednica Veterinaria","isPartOf":{"@id":"https:\/\/www.althaiaclinicaveterinaria.com\/#website"},"datePublished":"2024-05-08T12:21:05+00:00","dateModified":"2024-05-21T06:12:43+00:00","breadcrumb":{"@id":"https:\/\/www.althaiaclinicaveterinaria.com\/cookies\/#breadcrumb"},"inLanguage":"en-GB","potentialAction":[{"@type":"ReadAction","target":["https:\/\/www.althaiaclinicaveterinaria.com\/cookies\/"]}]},{"@type":"BreadcrumbList","@id":"https:\/\/www.althaiaclinicaveterinaria.com\/cookies\/#breadcrumb","itemListElement":[{"@type":"ListItem","position":1,"name":"Portada","item":"https:\/\/www.althaiaclinicaveterinaria.com\/"},{"@type":"ListItem","position":2,"name":"Pol\u00edtica de cookies"}]},{"@type":"WebSite","@id":"https:\/\/www.althaiaclinicaveterinaria.com\/#website","url":"https:\/\/www.althaiaclinicaveterinaria.com\/","name":"ALTHAIA Cl\u00ednica Veterinaria","description":"Servicios veterinarios en Altea, Alicante","publisher":{"@id":"https:\/\/www.althaiaclinicaveterinaria.com\/#organization"},"potentialAction":[{"@type":"SearchAction","target":{"@type":"EntryPoint","urlTemplate":"https:\/\/www.althaiaclinicaveterinaria.com\/?s={search_term_string}"},"query-input":{"@type":"PropertyValueSpecification","valueRequired":true,"valueName":"search_term_string"}}],"inLanguage":"en-GB"},{"@type":"Organization","@id":"https:\/\/www.althaiaclinicaveterinaria.com\/#organization","name":"ALTHAIA Cl\u00ednica Veterinaria","url":"https:\/\/www.althaiaclinicaveterinaria.com\/","logo":{"@type":"ImageObject","inLanguage":"en-GB","@id":"https:\/\/www.althaiaclinicaveterinaria.com\/#\/schema\/logo\/image\/","url":"https:\/\/www.althaiaclinicaveterinaria.com\/wp-content\/uploads\/2024\/05\/logo-althaia-marco.png","contentUrl":"https:\/\/www.althaiaclinicaveterinaria.com\/wp-content\/uploads\/2024\/05\/logo-althaia-marco.png","width":1200,"height":360,"caption":"ALTHAIA Cl\u00ednica Veterinaria"},"image":{"@id":"https:\/\/www.althaiaclinicaveterinaria.com\/#\/schema\/logo\/image\/"},"sameAs":["https:\/\/www.instagram.com\/vetalthaia\/"]}]}},"_links":{"self":[{"href":"https:\/\/www.althaiaclinicaveterinaria.com\/en\/wp-json\/wp\/v2\/pages\/219","targetHints":{"allow":["GET"]}}],"collection":[{"href":"https:\/\/www.althaiaclinicaveterinaria.com\/en\/wp-json\/wp\/v2\/pages"}],"about":[{"href":"https:\/\/www.althaiaclinicaveterinaria.com\/en\/wp-json\/wp\/v2\/types\/page"}],"author":[{"embeddable":true,"href":"https:\/\/www.althaiaclinicaveterinaria.com\/en\/wp-json\/wp\/v2\/users\/2"}],"replies":[{"embeddable":true,"href":"https:\/\/www.althaiaclinicaveterinaria.com\/en\/wp-json\/wp\/v2\/comments?post=219"}],"version-history":[{"count":3,"href":"https:\/\/www.althaiaclinicaveterinaria.com\/en\/wp-json\/wp\/v2\/pages\/219\/revisions"}],"predecessor-version":[{"id":426,"href":"https:\/\/www.althaiaclinicaveterinaria.com\/en\/wp-json\/wp\/v2\/pages\/219\/revisions\/426"}],"wp:attachment":[{"href":"https:\/\/www.althaiaclinicaveterinaria.com\/en\/wp-json\/wp\/v2\/media?parent=219"}],"curies":[{"name":"wp","href":"https:\/\/api.w.org\/{rel}","templated":true}]}}